{"id":155182,"date":"2025-12-15T13:03:21","date_gmt":"2025-12-15T12:03:21","guid":{"rendered":"https:\/\/officium.com\/mentions-legales\/"},"modified":"2026-02-20T13:55:16","modified_gmt":"2026-02-20T12:55:16","slug":"legal-mentions","status":"publish","type":"page","link":"https:\/\/officium.com\/en\/legal-mentions\/","title":{"rendered":"Legal Mentions"},"content":{"rendered":"<div class=\"wpb-content-wrapper\"><p>[vc_row unlock_row_content=&#8221;yes&#8221; row_height_percent=&#8221;50&#8243; override_padding=&#8221;yes&#8221; h_padding=&#8221;7&#8243; top_padding=&#8221;5&#8243; bottom_padding=&#8221;5&#8243; back_color=&#8221;color-469430&#8243; back_image=&#8221;154539&#8243; back_position=&#8221;center top&#8221; overlay_color=&#8221;color-jevc&#8221; overlay_alpha=&#8221;50&#8243; gutter_size=&#8221;3&#8243; column_width_use_pixel=&#8221;yes&#8221; shift_y=&#8221;0&#8243; z_index=&#8221;0&#8243; bottom_divider=&#8221;gradient&#8221; css_animation=&#8221;scroll-trigger&#8221; animation_state=&#8221;end&#8221; animation_origin=&#8221;center&#8221; animation_scale_val=&#8221;100&#8243; animation_opacity=&#8221;0&#8243; animation_x=&#8221;0&#8243; animation_y=&#8221;0&#8243; animation_blur=&#8221;0&#8243; animation_rotate=&#8221;0&#8243; animation_perspective=&#8221;0&#8243; animation_offset_top=&#8221;0&#8243; animation_offset_bottom=&#8221;85&#8243; content_parallax=&#8221;3&#8243; uncode_shortcode_id=&#8221;197940&#8243; back_color_type=&#8221;uncode-palette&#8221; overlay_color_type=&#8221;uncode-palette&#8221;][vc_column column_width_percent=&#8221;100&#8243; position_vertical=&#8221;bottom&#8221; gutter_size=&#8221;4&#8243; style=&#8221;dark&#8221; overlay_alpha=&#8221;50&#8243; shift_x=&#8221;0&#8243; shift_y=&#8221;0&#8243; shift_y_down=&#8221;0&#8243; z_index=&#8221;0&#8243; medium_width=&#8221;0&#8243; mobile_width=&#8221;0&#8243; width=&#8221;1\/1&#8243; uncode_shortcode_id=&#8221;138994&#8243;][vc_row_inner limit_content=&#8221;&#8221;][vc_column_inner column_width_percent=&#8221;100&#8243; position_horizontal=&#8221;left&#8221; gutter_size=&#8221;3&#8243; style=&#8221;dark&#8221; overlay_alpha=&#8221;50&#8243; shift_x=&#8221;0&#8243; shift_y=&#8221;0&#8243; shift_y_down=&#8221;0&#8243; z_index=&#8221;0&#8243; medium_width=&#8221;0&#8243; mobile_width=&#8221;0&#8243; width=&#8221;9\/12&#8243; uncode_shortcode_id=&#8221;311432&#8243;][vc_custom_heading heading_semantic=&#8221;h1&#8243; text_size=&#8221;custom&#8221; text_weight=&#8221;400&#8243; uncode_shortcode_id=&#8221;339074&#8243; heading_custom_size=&#8221;clamp(30px,8vw,80px)&#8221;]Legal Mentions[\/vc_custom_heading][\/vc_column_inner][vc_column_inner column_width_percent=&#8221;100&#8243; gutter_size=&#8221;3&#8243; overlay_alpha=&#8221;50&#8243; shift_x=&#8221;0&#8243; shift_y=&#8221;0&#8243; shift_y_down=&#8221;0&#8243; z_index=&#8221;0&#8243; medium_visibility=&#8221;yes&#8221; medium_width=&#8221;0&#8243; mobile_visibility=&#8221;yes&#8221; mobile_width=&#8221;0&#8243; width=&#8221;3\/12&#8243; uncode_shortcode_id=&#8221;392231&#8243;][\/vc_column_inner][\/vc_row_inner][\/vc_column][\/vc_row][vc_row unlock_row_content=&#8221;yes&#8221; row_height_percent=&#8221;0&#8243; override_padding=&#8221;yes&#8221; h_padding=&#8221;7&#8243; top_padding=&#8221;4&#8243; bottom_padding=&#8221;4&#8243; overlay_alpha=&#8221;50&#8243; gutter_size=&#8221;3&#8243; column_width_percent=&#8221;100&#8243; shift_y=&#8221;0&#8243; z_index=&#8221;0&#8243; content_parallax=&#8221;0&#8243; uncode_shortcode_id=&#8221;120667&#8243;][vc_column column_width_percent=&#8221;100&#8243; gutter_size=&#8221;2&#8243; overlay_alpha=&#8221;50&#8243; shift_x=&#8221;0&#8243; shift_y=&#8221;0&#8243; shift_y_down=&#8221;0&#8243; z_index=&#8221;0&#8243; medium_width=&#8221;0&#8243; mobile_width=&#8221;0&#8243; width=&#8221;1\/1&#8243; uncode_shortcode_id=&#8221;135517&#8243;][vc_custom_heading heading_semantic=&#8221;h4&#8243; sub_reduced=&#8221;yes&#8221; uncode_shortcode_id=&#8221;360337&#8243;]Officium Asset Management[\/vc_custom_heading][vc_column_text uncode_shortcode_id=&#8221;585774&#8243;]42 Avenue Raymond Poincar\u00e9<br \/>\n75116 Paris<br \/>\nSAS with capital of \u20ac340 430 (SAS = simplified joint stock company)<br \/>\n<b>RCS :<\/b> 802 022 434<br \/>\n<b>SIRET :<\/b> 802 022 434 00046<br \/>\n<b>AMF Number :<\/b> GP-14000011 GP-14000011 delivered on 6th May 2014<br \/>\n<b>ORIAS Number :<\/b> 14 004 208<br \/>\n<strong>Director of Publications:<\/strong> Officium Asset Management<br \/>\n<strong>Publisher:<\/strong> Officium Asset Management<br \/>\n<strong>Hosting:<\/strong> Officium Asset Management<\/p>\n<h3>OBJECTIVE OF THE SITE: to inform<\/h3>\n<p>The site <a href=\"https:\/\/www.officium.com\">www.officium.com<\/a> is intended strictly as an informative one the goal of which is to present the activities of management on behalf of clients and to offer investment advice. The information available on the site has no contractual value. This site has been established exclusively for the purposes of informing and does not amount to advising, nor recommending, nor offering, nor seeking business providing investment services, nor the carrying out of any other operation. Moreover, the information contained on this site does not constitute investment advice and must not, in any case whatsoever, be interpreted as claiming that some investment, or investment strategy, may be adapted to anyone\u2019s situation. The information featuring on this site is not intended to be distributed or used by any person or entity in any country or jurisdiction where such distribution or use would be contrary to legal or regulatory provisions, or which would require OAM to conform to registration requirements of that country or jurisdiction. It is possible that the products and services presented on the site may not be registered or authorized in all countries or available to all clients.<br \/>\nThe information available on the site is supplied in good faith and OAM may not be held to be responsible for any error or defect of information, nor for results linked to the use of this information. The official language of the site is French. It is governed by French law and the jurisdiction is that of France.<\/p>\n<h3>PERFORMANCE<\/h3>\n<p>Past performance is no guarantee of future performance, nor is performance constant over time and, in any case, such performance does not constitute a guarantee of future performance or capital.<\/p>\n<h3>SITE ACCESS RESTRICTIONS<\/h3>\n<p>Access to the products and services presented on this site may be subject to restrictions regarding certain persons or countries, notably with regard to investors from the United States who may be subject to specific legislation. The products and services presented on this site may not be subscribed to except in those countries and jurisdictions where their commercialization and promotion are authorized. OAM advises anyone likely to be interested first to ensure that he or she is legally authorized to subscribe to the products or services presented on this site. We would ask anybody reading this message to ensure that he or she is legally authorized to connect to this site in the country from which the connection has been established.<\/p>\n<h3>INTELLECTUAL PROPERTY<\/h3>\n<p>This site is a work protected as intellectual property. Unless specified otherwise, that is also the case for the data featured on this site such as trademarks, logos, graphics, photographs, etc. The data featured on this site are intended for strictly personal and private use and may not be reproduced or communicated to third parties, nor used wholly or partially for commercial or non-commercial uses, except with prior written authorization from OAM.<br \/>\nPages or parts of the site may however be downloaded or printed on paper for strictly personal use and on condition that notices of copyright or intellectual property not be removed. Putting in places hypertext links towards <a href=\"https:\/\/www.officium.com\">www.officium.com<\/a> is on condition of prior submission to the Director of Publications. In the case of any violation, the user shall be responsible and may be liable to prosecution, including for counterfeiting. Any hypertext link to <a href=\"http:\/\/www.officium.com\">www.officium.com<\/a> as well as any use of the logo shall be subject to prior written authorization.<\/p>\n<h3>PRIVACY<\/h3>\n<p>In accordance with articles 39 and following of law no. 78-17 of 6<sup>th<\/sup> January 1978 amended in 2004, concerning data processing, files and liberty, you have the right to access and correct these data as well as the right to object to the processing of said data by contacting us by writing, at the following address: OAM, 42, avenue Raymond Poincar\u00e9 75116 Paris \u2013 France[\/vc_column_text][\/vc_column][\/vc_row]<\/p>\n<\/div>","protected":false},"excerpt":{"rendered":"<p>[vc_row unlock_row_content=&#8221;yes&#8221; row_height_percent=&#8221;50&#8243; override_padding=&#8221;yes&#8221; h_padding=&#8221;7&#8243; top_padding=&#8221;5&#8243; bottom_padding=&#8221;5&#8243; back_color=&#8221;color-469430&#8243; back_image=&#8221;154539&#8243; back_position=&#8221;center top&#8221; overlay_color=&#8221;color-jevc&#8221; overlay_alpha=&#8221;50&#8243; gutter_size=&#8221;3&#8243; column_width_use_pixel=&#8221;yes&#8221; shift_y=&#8221;0&#8243; z_index=&#8221;0&#8243; bottom_divider=&#8221;gradient&#8221; css_animation=&#8221;scroll-trigger&#8221; animation_state=&#8221;end&#8221; [&hellip;]<\/p>\n","protected":false},"author":1,"featured_media":0,"parent":0,"menu_order":0,"comment_status":"closed","ping_status":"closed","template":"","meta":{"footnotes":""},"class_list":["post-155182","page","type-page","status-publish","hentry"],"yoast_head":"<!-- This site is optimized with the Yoast SEO plugin v27.1.1 - https:\/\/yoast.com\/product\/yoast-seo-wordpress\/ -->\n<title>Legal Mentions - Officium Asset Management<\/title>\n<meta name=\"description\" content=\"Soci\u00e9t\u00e9 ind\u00e9pendante de gestion de patrimoine \u00e0 Paris. Ing\u00e9nierie patrimoniale et gestion de fortune sur mesure pour clients priv\u00e9s et investisseurs.\" \/>\n<meta name=\"robots\" content=\"index, follow, max-snippet:-1, max-image-preview:large, max-video-preview:-1\" \/>\n<link rel=\"canonical\" href=\"https:\/\/officium.com\/en\/legal-mentions\/\" \/>\n<meta property=\"og:locale\" content=\"en_US\" \/>\n<meta property=\"og:type\" content=\"article\" \/>\n<meta property=\"og:title\" content=\"Legal Mentions - Officium Asset Management\" \/>\n<meta property=\"og:description\" content=\"Soci\u00e9t\u00e9 ind\u00e9pendante de gestion de patrimoine \u00e0 Paris. Ing\u00e9nierie patrimoniale et gestion de fortune sur mesure pour clients priv\u00e9s et investisseurs.\" \/>\n<meta property=\"og:url\" content=\"https:\/\/officium.com\/en\/legal-mentions\/\" \/>\n<meta property=\"og:site_name\" content=\"Officium Asset Management\" \/>\n<meta property=\"article:modified_time\" content=\"2026-02-20T12:55:16+00:00\" \/>\n<meta name=\"twitter:card\" content=\"summary_large_image\" \/>\n<meta name=\"twitter:label1\" content=\"Est. reading time\" \/>\n\t<meta name=\"twitter:data1\" content=\"5 minutes\" \/>\n<script type=\"application\/ld+json\" class=\"yoast-schema-graph\">{\"@context\":\"https:\/\/schema.org\",\"@graph\":[{\"@type\":\"WebPage\",\"@id\":\"https:\/\/officium.com\/en\/legal-mentions\/\",\"url\":\"https:\/\/officium.com\/en\/legal-mentions\/\",\"name\":\"Legal Mentions - Officium Asset Management\",\"isPartOf\":{\"@id\":\"https:\/\/officium.com\/en\/#website\"},\"datePublished\":\"2025-12-15T12:03:21+00:00\",\"dateModified\":\"2026-02-20T12:55:16+00:00\",\"description\":\"Soci\u00e9t\u00e9 ind\u00e9pendante de gestion de patrimoine \u00e0 Paris. Ing\u00e9nierie patrimoniale et gestion de fortune sur mesure pour clients priv\u00e9s et investisseurs.\",\"breadcrumb\":{\"@id\":\"https:\/\/officium.com\/en\/legal-mentions\/#breadcrumb\"},\"inLanguage\":\"en-US\",\"potentialAction\":[{\"@type\":\"ReadAction\",\"target\":[\"https:\/\/officium.com\/en\/legal-mentions\/\"]}]},{\"@type\":\"BreadcrumbList\",\"@id\":\"https:\/\/officium.com\/en\/legal-mentions\/#breadcrumb\",\"itemListElement\":[{\"@type\":\"ListItem\",\"position\":1,\"name\":\"Accueil\",\"item\":\"https:\/\/officium.com\/en\/\"},{\"@type\":\"ListItem\",\"position\":2,\"name\":\"Legal Mentions\"}]},{\"@type\":\"WebSite\",\"@id\":\"https:\/\/officium.com\/en\/#website\",\"url\":\"https:\/\/officium.com\/en\/\",\"name\":\"Officium Asset Management\",\"description\":\"Soci\u00e9t\u00e9 de gestion de fortune\",\"publisher\":{\"@id\":\"https:\/\/officium.com\/en\/#organization\"},\"potentialAction\":[{\"@type\":\"SearchAction\",\"target\":{\"@type\":\"EntryPoint\",\"urlTemplate\":\"https:\/\/officium.com\/en\/?s={search_term_string}\"},\"query-input\":{\"@type\":\"PropertyValueSpecification\",\"valueRequired\":true,\"valueName\":\"search_term_string\"}}],\"inLanguage\":\"en-US\"},{\"@type\":\"Organization\",\"@id\":\"https:\/\/officium.com\/en\/#organization\",\"name\":\"Officium Asset Management\",\"url\":\"https:\/\/officium.com\/en\/\",\"logo\":{\"@type\":\"ImageObject\",\"inLanguage\":\"en-US\",\"@id\":\"https:\/\/officium.com\/en\/#\/schema\/logo\/image\/\",\"url\":\"https:\/\/officium.com\/wp-content\/uploads\/2026\/03\/officium-logo-2026-1.jpg\",\"contentUrl\":\"https:\/\/officium.com\/wp-content\/uploads\/2026\/03\/officium-logo-2026-1.jpg\",\"width\":1000,\"height\":1000,\"caption\":\"Officium Asset Management\"},\"image\":{\"@id\":\"https:\/\/officium.com\/en\/#\/schema\/logo\/image\/\"},\"sameAs\":[\"https:\/\/www.linkedin.com\/company\/officium-asset-management\/\"]}]}<\/script>\n<!-- \/ Yoast SEO plugin. -->","yoast_head_json":{"title":"Legal Mentions - Officium Asset Management","description":"Soci\u00e9t\u00e9 ind\u00e9pendante de gestion de patrimoine \u00e0 Paris. Ing\u00e9nierie patrimoniale et gestion de fortune sur mesure pour clients priv\u00e9s et investisseurs.","robots":{"index":"index","follow":"follow","max-snippet":"max-snippet:-1","max-image-preview":"max-image-preview:large","max-video-preview":"max-video-preview:-1"},"canonical":"https:\/\/officium.com\/en\/legal-mentions\/","og_locale":"en_US","og_type":"article","og_title":"Legal Mentions - Officium Asset Management","og_description":"Soci\u00e9t\u00e9 ind\u00e9pendante de gestion de patrimoine \u00e0 Paris. Ing\u00e9nierie patrimoniale et gestion de fortune sur mesure pour clients priv\u00e9s et investisseurs.","og_url":"https:\/\/officium.com\/en\/legal-mentions\/","og_site_name":"Officium Asset Management","article_modified_time":"2026-02-20T12:55:16+00:00","twitter_card":"summary_large_image","twitter_misc":{"Est. reading time":"5 minutes"},"schema":{"@context":"https:\/\/schema.org","@graph":[{"@type":"WebPage","@id":"https:\/\/officium.com\/en\/legal-mentions\/","url":"https:\/\/officium.com\/en\/legal-mentions\/","name":"Legal Mentions - Officium Asset Management","isPartOf":{"@id":"https:\/\/officium.com\/en\/#website"},"datePublished":"2025-12-15T12:03:21+00:00","dateModified":"2026-02-20T12:55:16+00:00","description":"Soci\u00e9t\u00e9 ind\u00e9pendante de gestion de patrimoine \u00e0 Paris. Ing\u00e9nierie patrimoniale et gestion de fortune sur mesure pour clients priv\u00e9s et investisseurs.","breadcrumb":{"@id":"https:\/\/officium.com\/en\/legal-mentions\/#breadcrumb"},"inLanguage":"en-US","potentialAction":[{"@type":"ReadAction","target":["https:\/\/officium.com\/en\/legal-mentions\/"]}]},{"@type":"BreadcrumbList","@id":"https:\/\/officium.com\/en\/legal-mentions\/#breadcrumb","itemListElement":[{"@type":"ListItem","position":1,"name":"Accueil","item":"https:\/\/officium.com\/en\/"},{"@type":"ListItem","position":2,"name":"Legal Mentions"}]},{"@type":"WebSite","@id":"https:\/\/officium.com\/en\/#website","url":"https:\/\/officium.com\/en\/","name":"Officium Asset Management","description":"Soci\u00e9t\u00e9 de gestion de fortune","publisher":{"@id":"https:\/\/officium.com\/en\/#organization"},"potentialAction":[{"@type":"SearchAction","target":{"@type":"EntryPoint","urlTemplate":"https:\/\/officium.com\/en\/?s={search_term_string}"},"query-input":{"@type":"PropertyValueSpecification","valueRequired":true,"valueName":"search_term_string"}}],"inLanguage":"en-US"},{"@type":"Organization","@id":"https:\/\/officium.com\/en\/#organization","name":"Officium Asset Management","url":"https:\/\/officium.com\/en\/","logo":{"@type":"ImageObject","inLanguage":"en-US","@id":"https:\/\/officium.com\/en\/#\/schema\/logo\/image\/","url":"https:\/\/officium.com\/wp-content\/uploads\/2026\/03\/officium-logo-2026-1.jpg","contentUrl":"https:\/\/officium.com\/wp-content\/uploads\/2026\/03\/officium-logo-2026-1.jpg","width":1000,"height":1000,"caption":"Officium Asset Management"},"image":{"@id":"https:\/\/officium.com\/en\/#\/schema\/logo\/image\/"},"sameAs":["https:\/\/www.linkedin.com\/company\/officium-asset-management\/"]}]}},"_links":{"self":[{"href":"https:\/\/officium.com\/en\/wp-json\/wp\/v2\/pages\/155182","targetHints":{"allow":["GET"]}}],"collection":[{"href":"https:\/\/officium.com\/en\/wp-json\/wp\/v2\/pages"}],"about":[{"href":"https:\/\/officium.com\/en\/wp-json\/wp\/v2\/types\/page"}],"author":[{"embeddable":true,"href":"https:\/\/officium.com\/en\/wp-json\/wp\/v2\/users\/1"}],"replies":[{"embeddable":true,"href":"https:\/\/officium.com\/en\/wp-json\/wp\/v2\/comments?post=155182"}],"version-history":[{"count":11,"href":"https:\/\/officium.com\/en\/wp-json\/wp\/v2\/pages\/155182\/revisions"}],"predecessor-version":[{"id":155278,"href":"https:\/\/officium.com\/en\/wp-json\/wp\/v2\/pages\/155182\/revisions\/155278"}],"wp:attachment":[{"href":"https:\/\/officium.com\/en\/wp-json\/wp\/v2\/media?parent=155182"}],"curies":[{"name":"wp","href":"https:\/\/api.w.org\/{rel}","templated":true}]}}