{"id":154921,"date":"2025-11-04T09:07:59","date_gmt":"2025-11-04T08:07:59","guid":{"rendered":"https:\/\/officium.com\/nos-expertises\/"},"modified":"2026-03-17T13:53:53","modified_gmt":"2026-03-17T12:53:53","slug":"our-expertise","status":"publish","type":"page","link":"https:\/\/officium.com\/en\/our-expertise\/","title":{"rendered":"Our Expertise"},"content":{"rendered":"<div class=\"wpb-content-wrapper\"><p>[vc_row unlock_row_content=&#8221;yes&#8221; row_height_percent=&#8221;50&#8243; override_padding=&#8221;yes&#8221; h_padding=&#8221;7&#8243; top_padding=&#8221;5&#8243; bottom_padding=&#8221;5&#8243; back_color=&#8221;color-469430&#8243; back_image=&#8221;154522&#8243; back_position=&#8221;center top&#8221; overlay_color=&#8221;color-jevc&#8221; overlay_alpha=&#8221;30&#8243; gutter_size=&#8221;3&#8243; column_width_use_pixel=&#8221;yes&#8221; shift_y=&#8221;0&#8243; z_index=&#8221;0&#8243; bottom_divider=&#8221;gradient&#8221; css_animation=&#8221;scroll-trigger&#8221; animation_state=&#8221;end&#8221; animation_origin=&#8221;center&#8221; animation_scale_val=&#8221;100&#8243; animation_opacity=&#8221;0&#8243; animation_x=&#8221;0&#8243; animation_y=&#8221;0&#8243; animation_blur=&#8221;0&#8243; animation_rotate=&#8221;0&#8243; animation_perspective=&#8221;0&#8243; animation_offset_top=&#8221;0&#8243; animation_offset_bottom=&#8221;85&#8243; content_parallax=&#8221;3&#8243; uncode_shortcode_id=&#8221;208799&#8243; back_color_type=&#8221;uncode-palette&#8221; overlay_color_type=&#8221;uncode-palette&#8221;][vc_column column_width_percent=&#8221;100&#8243; position_vertical=&#8221;bottom&#8221; gutter_size=&#8221;4&#8243; style=&#8221;dark&#8221; overlay_alpha=&#8221;50&#8243; shift_x=&#8221;0&#8243; shift_y=&#8221;0&#8243; shift_y_down=&#8221;0&#8243; z_index=&#8221;0&#8243; medium_width=&#8221;0&#8243; mobile_width=&#8221;0&#8243; width=&#8221;1\/1&#8243; uncode_shortcode_id=&#8221;138994&#8243;][vc_row_inner limit_content=&#8221;&#8221;][vc_column_inner column_width_percent=&#8221;100&#8243; position_horizontal=&#8221;left&#8221; gutter_size=&#8221;3&#8243; style=&#8221;dark&#8221; overlay_alpha=&#8221;50&#8243; shift_x=&#8221;0&#8243; shift_y=&#8221;0&#8243; shift_y_down=&#8221;0&#8243; z_index=&#8221;0&#8243; medium_width=&#8221;0&#8243; mobile_width=&#8221;0&#8243; width=&#8221;9\/12&#8243; uncode_shortcode_id=&#8221;311432&#8243;][vc_custom_heading heading_semantic=&#8221;h1&#8243; text_size=&#8221;custom&#8221; text_weight=&#8221;400&#8243; uncode_shortcode_id=&#8221;137104&#8243; heading_custom_size=&#8221;clamp(30px,8vw,80px)&#8221;]Tailor-made advice[\/vc_custom_heading][\/vc_column_inner][vc_column_inner column_width_percent=&#8221;100&#8243; gutter_size=&#8221;3&#8243; overlay_alpha=&#8221;50&#8243; shift_x=&#8221;0&#8243; shift_y=&#8221;0&#8243; shift_y_down=&#8221;0&#8243; z_index=&#8221;0&#8243; medium_visibility=&#8221;yes&#8221; medium_width=&#8221;0&#8243; mobile_visibility=&#8221;yes&#8221; mobile_width=&#8221;0&#8243; width=&#8221;3\/12&#8243; uncode_shortcode_id=&#8221;392231&#8243;][\/vc_column_inner][\/vc_row_inner][\/vc_column][\/vc_row][vc_row unlock_row_content=&#8221;yes&#8221; row_height_percent=&#8221;0&#8243; override_padding=&#8221;yes&#8221; h_padding=&#8221;7&#8243; top_padding=&#8221;4&#8243; bottom_padding=&#8221;7&#8243; overlay_alpha=&#8221;50&#8243; gutter_size=&#8221;3&#8243; column_width_percent=&#8221;100&#8243; shift_y=&#8221;0&#8243; z_index=&#8221;0&#8243; content_parallax=&#8221;0&#8243; uncode_shortcode_id=&#8221;137844&#8243;][vc_column column_width_percent=&#8221;100&#8243; gutter_size=&#8221;4&#8243; overlay_alpha=&#8221;50&#8243; shift_x=&#8221;0&#8243; shift_y=&#8221;0&#8243; shift_y_down=&#8221;0&#8243; z_index=&#8221;0&#8243; medium_width=&#8221;0&#8243; mobile_width=&#8221;0&#8243; width=&#8221;1\/1&#8243; uncode_shortcode_id=&#8221;730276&#8243;][vc_row_inner row_inner_height_percent=&#8221;0&#8243; overlay_alpha=&#8221;50&#8243; gutter_size=&#8221;4&#8243; shift_y=&#8221;0&#8243; z_index=&#8221;0&#8243; limit_content=&#8221;&#8221; uncode_shortcode_id=&#8221;171078&#8243;][vc_column_inner column_width_percent=&#8221;100&#8243; gutter_size=&#8221;3&#8243; overlay_alpha=&#8221;50&#8243; shift_x=&#8221;0&#8243; shift_y=&#8221;0&#8243; shift_y_down=&#8221;0&#8243; z_index=&#8221;0&#8243; medium_width=&#8221;0&#8243; mobile_width=&#8221;0&#8243; width=&#8221;1\/1&#8243; uncode_shortcode_id=&#8221;106685&#8243;][vc_custom_heading text_color=&#8221;color-xsdn&#8221; text_size=&#8221;h5&#8243; text_weight=&#8221;500&#8243; badge_style=&#8221;yes&#8221; back_color=&#8221;color-469430&#8243; radius=&#8221;xl&#8221; uncode_shortcode_id=&#8221;300218&#8243; text_color_type=&#8221;uncode-palette&#8221; back_color_type=&#8221;uncode-palette&#8221;]Our Expertise[\/vc_custom_heading][\/vc_column_inner][\/vc_row_inner][vc_row_inner row_inner_height_percent=&#8221;0&#8243; overlay_alpha=&#8221;50&#8243; gutter_size=&#8221;5&#8243; shift_y=&#8221;0&#8243; z_index=&#8221;0&#8243; limit_content=&#8221;&#8221; uncode_shortcode_id=&#8221;195968&#8243;][vc_column_inner column_width_percent=&#8221;100&#8243; gutter_size=&#8221;5&#8243; overlay_alpha=&#8221;50&#8243; shift_x=&#8221;0&#8243; shift_y=&#8221;0&#8243; shift_y_down=&#8221;0&#8243; z_index=&#8221;0&#8243; medium_visibility=&#8221;yes&#8221; medium_width=&#8221;0&#8243; mobile_width=&#8221;0&#8243; width=&#8221;1\/2&#8243; uncode_shortcode_id=&#8221;188320&#8243;][vc_single_image media=&#8221;154924&#8243; media_width_percent=&#8221;100&#8243; media_ratio=&#8221;one-one&#8221; shape=&#8221;img-round&#8221; radius=&#8221;lg&#8221; advanced=&#8221;yes&#8221; media_overlay_opacity=&#8221;50&#8243; media_overlay_anim=&#8221;no&#8221; media_text_anim=&#8221;no&#8221; media_image_anim=&#8221;scroll&#8221; media_image_scroll=&#8221;zoom&#8221; media_image_scroll_val=&#8221;5&#8243; media_padding=&#8221;2&#8243; uncode_shortcode_id=&#8221;146658&#8243;][\/vc_column_inner][vc_column_inner column_width_percent=&#8221;100&#8243; gutter_size=&#8221;3&#8243; overlay_alpha=&#8221;50&#8243; shift_x=&#8221;0&#8243; shift_y=&#8221;0&#8243; shift_y_down=&#8221;0&#8243; z_index=&#8221;0&#8243; medium_width=&#8221;0&#8243; mobile_width=&#8221;0&#8243; width=&#8221;1\/2&#8243; uncode_shortcode_id=&#8221;199398&#8243;][vc_custom_heading heading_semantic=&#8221;h6&#8243; text_size=&#8221;custom&#8221; text_weight=&#8221;500&#8243; uncode_shortcode_id=&#8221;782847&#8243; heading_custom_size=&#8221;clamp(24px,5vw,35px)&#8221;]For nearly twenty years, Officium Asset Management&#8217;s employees have been managing the assets of high net worth clients, providing them with solutions in financial management and legal and tax organisation.[\/vc_custom_heading][vc_separator sep_color=&#8221;color-686040&#8243; icon_position=&#8221;left&#8221; uncode_shortcode_id=&#8221;112526&#8243; sep_color_type=&#8221;uncode-palette&#8221; el_width=&#8221;50px&#8221; el_height=&#8221;2px&#8221;][vc_column_text text_lead=&#8221;yes&#8221; uncode_shortcode_id=&#8221;119484&#8243;]Our expertise has been built on conviction, determination and humility. Our advisory approach favours a comprehensive view of wealth and takes into account our clients&#8217; lifestyle choices. By prioritising the human dimension in our advice, we adapt to a constantly changing environment to offer the best wealth management strategies.<\/p>\n<p>Our approach promotes performance. We are:<br \/>\n<strong><u>Attentive to your needs<\/u><\/strong><br \/>\nOur solutions are tailor-made and systematically based on the identification of your specific needs.<br \/>\n<strong><u>Rigorous<\/u><\/strong><br \/>\nWe analyse all possible scenarios in detail to ensure we offer you the best options.<br \/>\n<strong><u>Independent<\/u><\/strong><br \/>\nOfficium Asset Management is financially independent of any financial group.[\/vc_column_text][\/vc_column_inner][\/vc_row_inner][\/vc_column][\/vc_row]<\/p>\n<\/div>","protected":false},"excerpt":{"rendered":"<p>Depuis pr\u00e8s de vingt ans, les collaborateurs d\u2019Officium Asset Management g\u00e8rent les actifs de clients fortun\u00e9s auxquels ils apportent des solutions en mati\u00e8re de gestion financi\u00e8re et d\u2019organisation juridique et fiscale.<\/p>\n","protected":false},"author":1,"featured_media":154936,"parent":0,"menu_order":0,"comment_status":"closed","ping_status":"closed","template":"","meta":{"footnotes":""},"class_list":["post-154921","page","type-page","status-publish","has-post-thumbnail","hentry"],"yoast_head":"<!-- This site is optimized with the Yoast SEO plugin v27.1.1 - https:\/\/yoast.com\/product\/yoast-seo-wordpress\/ -->\n<title>Wealth Management Expertise in Paris | Officium<\/title>\n<meta name=\"description\" content=\"Discover Officium\u2019s expertise in wealth management, tailored advisory, assetallocation and wealth structuring in Paris.\" \/>\n<meta name=\"robots\" content=\"index, follow, max-snippet:-1, max-image-preview:large, max-video-preview:-1\" \/>\n<link rel=\"canonical\" href=\"https:\/\/officium.com\/en\/our-expertise\/\" \/>\n<meta property=\"og:locale\" content=\"en_US\" \/>\n<meta property=\"og:type\" content=\"article\" \/>\n<meta property=\"og:title\" content=\"Wealth Management Expertise in Paris | Officium\" \/>\n<meta property=\"og:description\" content=\"Discover Officium\u2019s expertise in wealth management, tailored advisory, assetallocation and wealth structuring in Paris.\" \/>\n<meta property=\"og:url\" content=\"https:\/\/officium.com\/en\/our-expertise\/\" \/>\n<meta property=\"og:site_name\" content=\"Officium Asset Management\" \/>\n<meta property=\"article:modified_time\" content=\"2026-03-17T12:53:53+00:00\" \/>\n<meta property=\"og:image\" content=\"https:\/\/officium.com\/wp-content\/uploads\/2025\/12\/Officium-Management-31.webp\" \/>\n\t<meta property=\"og:image:width\" content=\"1920\" \/>\n\t<meta property=\"og:image:height\" content=\"1080\" \/>\n\t<meta property=\"og:image:type\" content=\"image\/webp\" \/>\n<meta name=\"twitter:card\" content=\"summary_large_image\" \/>\n<meta name=\"twitter:label1\" content=\"Est. reading time\" \/>\n\t<meta name=\"twitter:data1\" content=\"2 minutes\" \/>\n<script type=\"application\/ld+json\" class=\"yoast-schema-graph\">{\"@context\":\"https:\/\/schema.org\",\"@graph\":[{\"@type\":\"WebPage\",\"@id\":\"https:\/\/officium.com\/en\/our-expertise\/\",\"url\":\"https:\/\/officium.com\/en\/our-expertise\/\",\"name\":\"Wealth Management Expertise in Paris | Officium\",\"isPartOf\":{\"@id\":\"https:\/\/officium.com\/en\/#website\"},\"primaryImageOfPage\":{\"@id\":\"https:\/\/officium.com\/en\/our-expertise\/#primaryimage\"},\"image\":{\"@id\":\"https:\/\/officium.com\/en\/our-expertise\/#primaryimage\"},\"thumbnailUrl\":\"https:\/\/officium.com\/wp-content\/uploads\/2025\/12\/Officium-Management-31.webp\",\"datePublished\":\"2025-11-04T08:07:59+00:00\",\"dateModified\":\"2026-03-17T12:53:53+00:00\",\"description\":\"Discover Officium\u2019s expertise in wealth management, tailored advisory, assetallocation and wealth structuring in Paris.\",\"breadcrumb\":{\"@id\":\"https:\/\/officium.com\/en\/our-expertise\/#breadcrumb\"},\"inLanguage\":\"en-US\",\"potentialAction\":[{\"@type\":\"ReadAction\",\"target\":[\"https:\/\/officium.com\/en\/our-expertise\/\"]}]},{\"@type\":\"ImageObject\",\"inLanguage\":\"en-US\",\"@id\":\"https:\/\/officium.com\/en\/our-expertise\/#primaryimage\",\"url\":\"https:\/\/officium.com\/wp-content\/uploads\/2025\/12\/Officium-Management-31.webp\",\"contentUrl\":\"https:\/\/officium.com\/wp-content\/uploads\/2025\/12\/Officium-Management-31.webp\",\"width\":1920,\"height\":1080},{\"@type\":\"BreadcrumbList\",\"@id\":\"https:\/\/officium.com\/en\/our-expertise\/#breadcrumb\",\"itemListElement\":[{\"@type\":\"ListItem\",\"position\":1,\"name\":\"Accueil\",\"item\":\"https:\/\/officium.com\/en\/\"},{\"@type\":\"ListItem\",\"position\":2,\"name\":\"Our Expertise\"}]},{\"@type\":\"WebSite\",\"@id\":\"https:\/\/officium.com\/en\/#website\",\"url\":\"https:\/\/officium.com\/en\/\",\"name\":\"Officium Asset Management\",\"description\":\"Soci\u00e9t\u00e9 de gestion de fortune\",\"publisher\":{\"@id\":\"https:\/\/officium.com\/en\/#organization\"},\"potentialAction\":[{\"@type\":\"SearchAction\",\"target\":{\"@type\":\"EntryPoint\",\"urlTemplate\":\"https:\/\/officium.com\/en\/?s={search_term_string}\"},\"query-input\":{\"@type\":\"PropertyValueSpecification\",\"valueRequired\":true,\"valueName\":\"search_term_string\"}}],\"inLanguage\":\"en-US\"},{\"@type\":\"Organization\",\"@id\":\"https:\/\/officium.com\/en\/#organization\",\"name\":\"Officium Asset Management\",\"url\":\"https:\/\/officium.com\/en\/\",\"logo\":{\"@type\":\"ImageObject\",\"inLanguage\":\"en-US\",\"@id\":\"https:\/\/officium.com\/en\/#\/schema\/logo\/image\/\",\"url\":\"https:\/\/officium.com\/wp-content\/uploads\/2026\/03\/officium-logo-2026-1.jpg\",\"contentUrl\":\"https:\/\/officium.com\/wp-content\/uploads\/2026\/03\/officium-logo-2026-1.jpg\",\"width\":1000,\"height\":1000,\"caption\":\"Officium Asset Management\"},\"image\":{\"@id\":\"https:\/\/officium.com\/en\/#\/schema\/logo\/image\/\"},\"sameAs\":[\"https:\/\/www.linkedin.com\/company\/officium-asset-management\/\"]}]}<\/script>\n<!-- \/ Yoast SEO plugin. -->","yoast_head_json":{"title":"Wealth Management Expertise in Paris | Officium","description":"Discover Officium\u2019s expertise in wealth management, tailored advisory, assetallocation and wealth structuring in Paris.","robots":{"index":"index","follow":"follow","max-snippet":"max-snippet:-1","max-image-preview":"max-image-preview:large","max-video-preview":"max-video-preview:-1"},"canonical":"https:\/\/officium.com\/en\/our-expertise\/","og_locale":"en_US","og_type":"article","og_title":"Wealth Management Expertise in Paris | Officium","og_description":"Discover Officium\u2019s expertise in wealth management, tailored advisory, assetallocation and wealth structuring in Paris.","og_url":"https:\/\/officium.com\/en\/our-expertise\/","og_site_name":"Officium Asset Management","article_modified_time":"2026-03-17T12:53:53+00:00","og_image":[{"width":1920,"height":1080,"url":"https:\/\/officium.com\/wp-content\/uploads\/2025\/12\/Officium-Management-31.webp","type":"image\/webp"}],"twitter_card":"summary_large_image","twitter_misc":{"Est. reading time":"2 minutes"},"schema":{"@context":"https:\/\/schema.org","@graph":[{"@type":"WebPage","@id":"https:\/\/officium.com\/en\/our-expertise\/","url":"https:\/\/officium.com\/en\/our-expertise\/","name":"Wealth Management Expertise in Paris | Officium","isPartOf":{"@id":"https:\/\/officium.com\/en\/#website"},"primaryImageOfPage":{"@id":"https:\/\/officium.com\/en\/our-expertise\/#primaryimage"},"image":{"@id":"https:\/\/officium.com\/en\/our-expertise\/#primaryimage"},"thumbnailUrl":"https:\/\/officium.com\/wp-content\/uploads\/2025\/12\/Officium-Management-31.webp","datePublished":"2025-11-04T08:07:59+00:00","dateModified":"2026-03-17T12:53:53+00:00","description":"Discover Officium\u2019s expertise in wealth management, tailored advisory, assetallocation and wealth structuring in Paris.","breadcrumb":{"@id":"https:\/\/officium.com\/en\/our-expertise\/#breadcrumb"},"inLanguage":"en-US","potentialAction":[{"@type":"ReadAction","target":["https:\/\/officium.com\/en\/our-expertise\/"]}]},{"@type":"ImageObject","inLanguage":"en-US","@id":"https:\/\/officium.com\/en\/our-expertise\/#primaryimage","url":"https:\/\/officium.com\/wp-content\/uploads\/2025\/12\/Officium-Management-31.webp","contentUrl":"https:\/\/officium.com\/wp-content\/uploads\/2025\/12\/Officium-Management-31.webp","width":1920,"height":1080},{"@type":"BreadcrumbList","@id":"https:\/\/officium.com\/en\/our-expertise\/#breadcrumb","itemListElement":[{"@type":"ListItem","position":1,"name":"Accueil","item":"https:\/\/officium.com\/en\/"},{"@type":"ListItem","position":2,"name":"Our Expertise"}]},{"@type":"WebSite","@id":"https:\/\/officium.com\/en\/#website","url":"https:\/\/officium.com\/en\/","name":"Officium Asset Management","description":"Soci\u00e9t\u00e9 de gestion de fortune","publisher":{"@id":"https:\/\/officium.com\/en\/#organization"},"potentialAction":[{"@type":"SearchAction","target":{"@type":"EntryPoint","urlTemplate":"https:\/\/officium.com\/en\/?s={search_term_string}"},"query-input":{"@type":"PropertyValueSpecification","valueRequired":true,"valueName":"search_term_string"}}],"inLanguage":"en-US"},{"@type":"Organization","@id":"https:\/\/officium.com\/en\/#organization","name":"Officium Asset Management","url":"https:\/\/officium.com\/en\/","logo":{"@type":"ImageObject","inLanguage":"en-US","@id":"https:\/\/officium.com\/en\/#\/schema\/logo\/image\/","url":"https:\/\/officium.com\/wp-content\/uploads\/2026\/03\/officium-logo-2026-1.jpg","contentUrl":"https:\/\/officium.com\/wp-content\/uploads\/2026\/03\/officium-logo-2026-1.jpg","width":1000,"height":1000,"caption":"Officium Asset Management"},"image":{"@id":"https:\/\/officium.com\/en\/#\/schema\/logo\/image\/"},"sameAs":["https:\/\/www.linkedin.com\/company\/officium-asset-management\/"]}]}},"_links":{"self":[{"href":"https:\/\/officium.com\/en\/wp-json\/wp\/v2\/pages\/154921","targetHints":{"allow":["GET"]}}],"collection":[{"href":"https:\/\/officium.com\/en\/wp-json\/wp\/v2\/pages"}],"about":[{"href":"https:\/\/officium.com\/en\/wp-json\/wp\/v2\/types\/page"}],"author":[{"embeddable":true,"href":"https:\/\/officium.com\/en\/wp-json\/wp\/v2\/users\/1"}],"replies":[{"embeddable":true,"href":"https:\/\/officium.com\/en\/wp-json\/wp\/v2\/comments?post=154921"}],"version-history":[{"count":8,"href":"https:\/\/officium.com\/en\/wp-json\/wp\/v2\/pages\/154921\/revisions"}],"predecessor-version":[{"id":155450,"href":"https:\/\/officium.com\/en\/wp-json\/wp\/v2\/pages\/154921\/revisions\/155450"}],"wp:featuredmedia":[{"embeddable":true,"href":"https:\/\/officium.com\/en\/wp-json\/wp\/v2\/media\/154936"}],"wp:attachment":[{"href":"https:\/\/officium.com\/en\/wp-json\/wp\/v2\/media?parent=154921"}],"curies":[{"name":"wp","href":"https:\/\/api.w.org\/{rel}","templated":true}]}}