{"id":154906,"date":"2025-12-15T10:40:43","date_gmt":"2025-12-15T09:40:43","guid":{"rendered":"https:\/\/officium.com\/actualites\/"},"modified":"2026-02-18T13:21:06","modified_gmt":"2026-02-18T12:21:06","slug":"actualites","status":"publish","type":"page","link":"https:\/\/officium.com\/en\/actualites\/","title":{"rendered":"Actualit\u00e9s"},"content":{"rendered":"<div class=\"wpb-content-wrapper\"><p>[vc_row unlock_row_content=&#8221;yes&#8221; row_height_percent=&#8221;0&#8243; override_padding=&#8221;yes&#8221; h_padding=&#8221;7&#8243; top_padding=&#8221;5&#8243; bottom_padding=&#8221;5&#8243; back_color=&#8221;color-469430&#8243; overlay_alpha=&#8221;50&#8243; gutter_size=&#8221;4&#8243; column_width_percent=&#8221;100&#8243; shift_y=&#8221;0&#8243; z_index=&#8221;0&#8243; content_parallax=&#8221;0&#8243; uncode_shortcode_id=&#8221;170427&#8243; back_color_type=&#8221;uncode-palette&#8221;][vc_column column_width_percent=&#8221;100&#8243; gutter_size=&#8221;4&#8243; overlay_alpha=&#8221;50&#8243; shift_x=&#8221;0&#8243; shift_y=&#8221;0&#8243; shift_y_down=&#8221;0&#8243; z_index=&#8221;0&#8243; medium_width=&#8221;0&#8243; mobile_width=&#8221;0&#8243; width=&#8221;1\/1&#8243; uncode_shortcode_id=&#8221;182665&#8243;][vc_row_inner row_inner_height_percent=&#8221;0&#8243; overlay_alpha=&#8221;50&#8243; gutter_size=&#8221;4&#8243; shift_y=&#8221;0&#8243; z_index=&#8221;0&#8243; limit_content=&#8221;&#8221; uncode_shortcode_id=&#8221;177417&#8243;][vc_column_inner column_width_percent=&#8221;100&#8243; gutter_size=&#8221;3&#8243; style=&#8221;dark&#8221; overlay_alpha=&#8221;50&#8243; shift_x=&#8221;0&#8243; shift_y=&#8221;0&#8243; shift_y_down=&#8221;0&#8243; z_index=&#8221;0&#8243; medium_width=&#8221;0&#8243; mobile_width=&#8221;0&#8243; width=&#8221;9\/12&#8243; uncode_shortcode_id=&#8221;899287&#8243;][vc_custom_heading text_color=&#8221;color-469430&#8243; text_size=&#8221;h5&#8243; text_weight=&#8221;500&#8243; badge_style=&#8221;yes&#8221; back_color=&#8221;color-xsdn&#8221; radius=&#8221;xl&#8221; uncode_shortcode_id=&#8221;147217&#8243; text_color_type=&#8221;uncode-palette&#8221; back_color_type=&#8221;uncode-palette&#8221;]Actualit\u00e9s[\/vc_custom_heading][vc_custom_heading text_size=&#8221;custom&#8221; text_weight=&#8221;300&#8243; uncode_shortcode_id=&#8221;127405&#8243; heading_custom_size=&#8221;clamp(30px,5vw,50px)&#8221;]Retrouvez ici nos principaux d\u00e9cryptages fiscaux, nos points de march\u00e9 et les temps forts d\u2019Officium Asset Management.[\/vc_custom_heading][\/vc_column_inner][vc_column_inner column_width_percent=&#8221;100&#8243; gutter_size=&#8221;3&#8243; overlay_alpha=&#8221;50&#8243; shift_x=&#8221;0&#8243; shift_y=&#8221;0&#8243; shift_y_down=&#8221;0&#8243; z_index=&#8221;0&#8243; medium_visibility=&#8221;yes&#8221; medium_width=&#8221;0&#8243; mobile_visibility=&#8221;yes&#8221; mobile_width=&#8221;0&#8243; width=&#8221;3\/12&#8243; uncode_shortcode_id=&#8221;200695&#8243;][\/vc_column_inner][\/vc_row_inner][\/vc_column][\/vc_row][vc_row row_height_percent=&#8221;0&#8243; override_padding=&#8221;yes&#8221; h_padding=&#8221;2&#8243; top_padding=&#8221;5&#8243; bottom_padding=&#8221;5&#8243; overlay_alpha=&#8221;50&#8243; gutter_size=&#8221;3&#8243; column_width_percent=&#8221;100&#8243; border_color=&#8221;color-gyho&#8221; border_style=&#8221;solid&#8221; shift_y=&#8221;0&#8243; z_index=&#8221;0&#8243; content_parallax=&#8221;0&#8243; css=&#8221;.vc_custom_1765803878902{border-top-width: 1px !important;}&#8221; uncode_shortcode_id=&#8221;186345&#8243; border_color_type=&#8221;uncode-palette&#8221;][vc_column column_width_use_pixel=&#8221;yes&#8221; gutter_size=&#8221;3&#8243; overlay_alpha=&#8221;50&#8243; shift_x=&#8221;0&#8243; shift_y=&#8221;0&#8243; shift_y_down=&#8221;0&#8243; z_index=&#8221;0&#8243; medium_width=&#8221;0&#8243; mobile_width=&#8221;0&#8243; width=&#8221;1\/1&#8243; column_width_pixel=&#8221;900&#8243;][uncode_index el_id=&#8221;index-1&#8243; isotope_mode=&#8221;fitRows&#8221; loop=&#8221;size:3|order_by:date|post_type:post|taxonomy_count:10&#8243; screen_lg=&#8221;700&#8243; screen_md=&#8221;480&#8243; screen_sm=&#8221;480&#8243; gutter_size=&#8221;4&#8243; post_items=&#8221;media|featured|onpost|poster,title|-,text|excerpt|200&#8243; infinite=&#8221;yes&#8221; single_width=&#8221;12&#8243; images_size=&#8221;sixteen-nine&#8221; single_shape=&#8221;round&#8221; radius=&#8221;lg&#8221; single_overlay_color=&#8221;color-wayh&#8221; single_overlay_opacity=&#8221;50&#8243; single_padding=&#8221;1&#8243; single_text_reduced=&#8221;yes&#8221; single_title_dimension=&#8221;h1&#8243; single_border=&#8221;yes&#8221; single_css_animation=&#8221;bottom-t-top&#8221; single_animation_speed=&#8221;500&#8243; single_animation_delay=&#8221;200&#8243; uncode_shortcode_id=&#8221;140799&#8243;][\/vc_column][\/vc_row]<\/p>\n<\/div>","protected":false},"excerpt":{"rendered":"<p>[vc_row unlock_row_content=&#8221;yes&#8221; row_height_percent=&#8221;0&#8243; override_padding=&#8221;yes&#8221; h_padding=&#8221;7&#8243; top_padding=&#8221;5&#8243; bottom_padding=&#8221;5&#8243; back_color=&#8221;color-469430&#8243; overlay_alpha=&#8221;50&#8243; gutter_size=&#8221;4&#8243; column_width_percent=&#8221;100&#8243; shift_y=&#8221;0&#8243; z_index=&#8221;0&#8243; content_parallax=&#8221;0&#8243; uncode_shortcode_id=&#8221;170427&#8243; back_color_type=&#8221;uncode-palette&#8221;][vc_column column_width_percent=&#8221;100&#8243; gutter_size=&#8221;4&#8243; overlay_alpha=&#8221;50&#8243; shift_x=&#8221;0&#8243; [&hellip;]<\/p>\n","protected":false},"author":1,"featured_media":0,"parent":0,"menu_order":0,"comment_status":"closed","ping_status":"closed","template":"","meta":{"footnotes":""},"class_list":["post-154906","page","type-page","status-publish","hentry"],"yoast_head":"<!-- This site is optimized with the Yoast SEO plugin v27.1.1 - https:\/\/yoast.com\/product\/yoast-seo-wordpress\/ -->\n<title>Actualit\u00e9s - Officium Asset Management<\/title>\n<meta name=\"description\" content=\"Soci\u00e9t\u00e9 ind\u00e9pendante de gestion de patrimoine \u00e0 Paris. Ing\u00e9nierie patrimoniale et gestion de fortune sur mesure pour clients priv\u00e9s et investisseurs.\" \/>\n<meta name=\"robots\" content=\"index, follow, max-snippet:-1, max-image-preview:large, max-video-preview:-1\" \/>\n<link rel=\"canonical\" href=\"https:\/\/officium.com\/en\/actualites\/\" \/>\n<meta property=\"og:locale\" content=\"en_US\" \/>\n<meta property=\"og:type\" content=\"article\" \/>\n<meta property=\"og:title\" content=\"Actualit\u00e9s - Officium Asset Management\" \/>\n<meta property=\"og:description\" content=\"Soci\u00e9t\u00e9 ind\u00e9pendante de gestion de patrimoine \u00e0 Paris. Ing\u00e9nierie patrimoniale et gestion de fortune sur mesure pour clients priv\u00e9s et investisseurs.\" \/>\n<meta property=\"og:url\" content=\"https:\/\/officium.com\/en\/actualites\/\" \/>\n<meta property=\"og:site_name\" content=\"Officium Asset Management\" \/>\n<meta property=\"article:modified_time\" content=\"2026-02-18T12:21:06+00:00\" \/>\n<meta name=\"twitter:card\" content=\"summary_large_image\" \/>\n<meta name=\"twitter:label1\" content=\"Est. reading time\" \/>\n\t<meta name=\"twitter:data1\" content=\"2 minutes\" \/>\n<script type=\"application\/ld+json\" class=\"yoast-schema-graph\">{\"@context\":\"https:\/\/schema.org\",\"@graph\":[{\"@type\":\"WebPage\",\"@id\":\"https:\/\/officium.com\/en\/actualites\/\",\"url\":\"https:\/\/officium.com\/en\/actualites\/\",\"name\":\"Actualit\u00e9s - Officium Asset Management\",\"isPartOf\":{\"@id\":\"https:\/\/officium.com\/en\/#website\"},\"datePublished\":\"2025-12-15T09:40:43+00:00\",\"dateModified\":\"2026-02-18T12:21:06+00:00\",\"description\":\"Soci\u00e9t\u00e9 ind\u00e9pendante de gestion de patrimoine \u00e0 Paris. Ing\u00e9nierie patrimoniale et gestion de fortune sur mesure pour clients priv\u00e9s et investisseurs.\",\"breadcrumb\":{\"@id\":\"https:\/\/officium.com\/en\/actualites\/#breadcrumb\"},\"inLanguage\":\"en-US\",\"potentialAction\":[{\"@type\":\"ReadAction\",\"target\":[\"https:\/\/officium.com\/en\/actualites\/\"]}]},{\"@type\":\"BreadcrumbList\",\"@id\":\"https:\/\/officium.com\/en\/actualites\/#breadcrumb\",\"itemListElement\":[{\"@type\":\"ListItem\",\"position\":1,\"name\":\"Accueil\",\"item\":\"https:\/\/officium.com\/en\/\"},{\"@type\":\"ListItem\",\"position\":2,\"name\":\"Actualit\u00e9s\"}]},{\"@type\":\"WebSite\",\"@id\":\"https:\/\/officium.com\/en\/#website\",\"url\":\"https:\/\/officium.com\/en\/\",\"name\":\"Officium Asset Management\",\"description\":\"Soci\u00e9t\u00e9 de gestion de fortune\",\"publisher\":{\"@id\":\"https:\/\/officium.com\/en\/#organization\"},\"potentialAction\":[{\"@type\":\"SearchAction\",\"target\":{\"@type\":\"EntryPoint\",\"urlTemplate\":\"https:\/\/officium.com\/en\/?s={search_term_string}\"},\"query-input\":{\"@type\":\"PropertyValueSpecification\",\"valueRequired\":true,\"valueName\":\"search_term_string\"}}],\"inLanguage\":\"en-US\"},{\"@type\":\"Organization\",\"@id\":\"https:\/\/officium.com\/en\/#organization\",\"name\":\"Officium Asset Management\",\"url\":\"https:\/\/officium.com\/en\/\",\"logo\":{\"@type\":\"ImageObject\",\"inLanguage\":\"en-US\",\"@id\":\"https:\/\/officium.com\/en\/#\/schema\/logo\/image\/\",\"url\":\"https:\/\/officium.com\/wp-content\/uploads\/2026\/03\/officium-logo-2026-1.jpg\",\"contentUrl\":\"https:\/\/officium.com\/wp-content\/uploads\/2026\/03\/officium-logo-2026-1.jpg\",\"width\":1000,\"height\":1000,\"caption\":\"Officium Asset Management\"},\"image\":{\"@id\":\"https:\/\/officium.com\/en\/#\/schema\/logo\/image\/\"},\"sameAs\":[\"https:\/\/www.linkedin.com\/company\/officium-asset-management\/\"]}]}<\/script>\n<!-- \/ Yoast SEO plugin. -->","yoast_head_json":{"title":"Actualit\u00e9s - Officium Asset Management","description":"Soci\u00e9t\u00e9 ind\u00e9pendante de gestion de patrimoine \u00e0 Paris. Ing\u00e9nierie patrimoniale et gestion de fortune sur mesure pour clients priv\u00e9s et investisseurs.","robots":{"index":"index","follow":"follow","max-snippet":"max-snippet:-1","max-image-preview":"max-image-preview:large","max-video-preview":"max-video-preview:-1"},"canonical":"https:\/\/officium.com\/en\/actualites\/","og_locale":"en_US","og_type":"article","og_title":"Actualit\u00e9s - Officium Asset Management","og_description":"Soci\u00e9t\u00e9 ind\u00e9pendante de gestion de patrimoine \u00e0 Paris. Ing\u00e9nierie patrimoniale et gestion de fortune sur mesure pour clients priv\u00e9s et investisseurs.","og_url":"https:\/\/officium.com\/en\/actualites\/","og_site_name":"Officium Asset Management","article_modified_time":"2026-02-18T12:21:06+00:00","twitter_card":"summary_large_image","twitter_misc":{"Est. reading time":"2 minutes"},"schema":{"@context":"https:\/\/schema.org","@graph":[{"@type":"WebPage","@id":"https:\/\/officium.com\/en\/actualites\/","url":"https:\/\/officium.com\/en\/actualites\/","name":"Actualit\u00e9s - Officium Asset Management","isPartOf":{"@id":"https:\/\/officium.com\/en\/#website"},"datePublished":"2025-12-15T09:40:43+00:00","dateModified":"2026-02-18T12:21:06+00:00","description":"Soci\u00e9t\u00e9 ind\u00e9pendante de gestion de patrimoine \u00e0 Paris. Ing\u00e9nierie patrimoniale et gestion de fortune sur mesure pour clients priv\u00e9s et investisseurs.","breadcrumb":{"@id":"https:\/\/officium.com\/en\/actualites\/#breadcrumb"},"inLanguage":"en-US","potentialAction":[{"@type":"ReadAction","target":["https:\/\/officium.com\/en\/actualites\/"]}]},{"@type":"BreadcrumbList","@id":"https:\/\/officium.com\/en\/actualites\/#breadcrumb","itemListElement":[{"@type":"ListItem","position":1,"name":"Accueil","item":"https:\/\/officium.com\/en\/"},{"@type":"ListItem","position":2,"name":"Actualit\u00e9s"}]},{"@type":"WebSite","@id":"https:\/\/officium.com\/en\/#website","url":"https:\/\/officium.com\/en\/","name":"Officium Asset Management","description":"Soci\u00e9t\u00e9 de gestion de fortune","publisher":{"@id":"https:\/\/officium.com\/en\/#organization"},"potentialAction":[{"@type":"SearchAction","target":{"@type":"EntryPoint","urlTemplate":"https:\/\/officium.com\/en\/?s={search_term_string}"},"query-input":{"@type":"PropertyValueSpecification","valueRequired":true,"valueName":"search_term_string"}}],"inLanguage":"en-US"},{"@type":"Organization","@id":"https:\/\/officium.com\/en\/#organization","name":"Officium Asset Management","url":"https:\/\/officium.com\/en\/","logo":{"@type":"ImageObject","inLanguage":"en-US","@id":"https:\/\/officium.com\/en\/#\/schema\/logo\/image\/","url":"https:\/\/officium.com\/wp-content\/uploads\/2026\/03\/officium-logo-2026-1.jpg","contentUrl":"https:\/\/officium.com\/wp-content\/uploads\/2026\/03\/officium-logo-2026-1.jpg","width":1000,"height":1000,"caption":"Officium Asset Management"},"image":{"@id":"https:\/\/officium.com\/en\/#\/schema\/logo\/image\/"},"sameAs":["https:\/\/www.linkedin.com\/company\/officium-asset-management\/"]}]}},"_links":{"self":[{"href":"https:\/\/officium.com\/en\/wp-json\/wp\/v2\/pages\/154906","targetHints":{"allow":["GET"]}}],"collection":[{"href":"https:\/\/officium.com\/en\/wp-json\/wp\/v2\/pages"}],"about":[{"href":"https:\/\/officium.com\/en\/wp-json\/wp\/v2\/types\/page"}],"author":[{"embeddable":true,"href":"https:\/\/officium.com\/en\/wp-json\/wp\/v2\/users\/1"}],"replies":[{"embeddable":true,"href":"https:\/\/officium.com\/en\/wp-json\/wp\/v2\/comments?post=154906"}],"version-history":[{"count":1,"href":"https:\/\/officium.com\/en\/wp-json\/wp\/v2\/pages\/154906\/revisions"}],"predecessor-version":[{"id":154907,"href":"https:\/\/officium.com\/en\/wp-json\/wp\/v2\/pages\/154906\/revisions\/154907"}],"wp:attachment":[{"href":"https:\/\/officium.com\/en\/wp-json\/wp\/v2\/media?parent=154906"}],"curies":[{"name":"wp","href":"https:\/\/api.w.org\/{rel}","templated":true}]}}