{"id":154837,"date":"2026-02-17T14:47:09","date_gmt":"2026-02-17T13:47:09","guid":{"rendered":"https:\/\/officium.com\/informations-reglementaires\/"},"modified":"2026-03-03T18:38:28","modified_gmt":"2026-03-03T17:38:28","slug":"regulatory-information","status":"publish","type":"page","link":"https:\/\/officium.com\/en\/regulatory-information\/","title":{"rendered":"Regulatory information"},"content":{"rendered":"<div class=\"wpb-content-wrapper\"><p>[vc_row unlock_row_content=&#8221;yes&#8221; row_height_percent=&#8221;50&#8243; override_padding=&#8221;yes&#8221; h_padding=&#8221;7&#8243; top_padding=&#8221;5&#8243; bottom_padding=&#8221;5&#8243; back_color=&#8221;color-469430&#8243; back_image=&#8221;154537&#8243; back_position=&#8221;center bottom&#8221; overlay_color=&#8221;color-jevc&#8221; overlay_alpha=&#8221;50&#8243; gutter_size=&#8221;3&#8243; column_width_use_pixel=&#8221;yes&#8221; shift_y=&#8221;0&#8243; z_index=&#8221;0&#8243; bottom_divider=&#8221;gradient&#8221; css_animation=&#8221;scroll-trigger&#8221; animation_state=&#8221;end&#8221; animation_origin=&#8221;center&#8221; animation_scale_val=&#8221;100&#8243; animation_opacity=&#8221;0&#8243; animation_x=&#8221;0&#8243; animation_y=&#8221;0&#8243; animation_blur=&#8221;0&#8243; animation_rotate=&#8221;0&#8243; animation_perspective=&#8221;0&#8243; animation_offset_top=&#8221;0&#8243; animation_offset_bottom=&#8221;85&#8243; content_parallax=&#8221;3&#8243; uncode_shortcode_id=&#8221;206418&#8243; back_color_type=&#8221;uncode-palette&#8221; overlay_color_type=&#8221;uncode-palette&#8221;][vc_column column_width_percent=&#8221;100&#8243; position_vertical=&#8221;bottom&#8221; gutter_size=&#8221;4&#8243; style=&#8221;dark&#8221; overlay_alpha=&#8221;50&#8243; shift_x=&#8221;0&#8243; shift_y=&#8221;0&#8243; shift_y_down=&#8221;0&#8243; z_index=&#8221;0&#8243; medium_width=&#8221;0&#8243; mobile_width=&#8221;0&#8243; width=&#8221;1\/1&#8243; uncode_shortcode_id=&#8221;138994&#8243;][vc_row_inner limit_content=&#8221;&#8221;][vc_column_inner column_width_percent=&#8221;100&#8243; position_horizontal=&#8221;left&#8221; gutter_size=&#8221;3&#8243; style=&#8221;dark&#8221; overlay_alpha=&#8221;50&#8243; shift_x=&#8221;0&#8243; shift_y=&#8221;0&#8243; shift_y_down=&#8221;0&#8243; z_index=&#8221;0&#8243; medium_width=&#8221;0&#8243; mobile_width=&#8221;0&#8243; width=&#8221;9\/12&#8243; uncode_shortcode_id=&#8221;311432&#8243;][vc_custom_heading heading_semantic=&#8221;h1&#8243; text_size=&#8221;custom&#8221; text_weight=&#8221;400&#8243; uncode_shortcode_id=&#8221;245531&#8243; heading_custom_size=&#8221;clamp(30px,8vw,80px)&#8221;]Regulatory information[\/vc_custom_heading][\/vc_column_inner][vc_column_inner column_width_percent=&#8221;100&#8243; gutter_size=&#8221;3&#8243; overlay_alpha=&#8221;50&#8243; shift_x=&#8221;0&#8243; shift_y=&#8221;0&#8243; shift_y_down=&#8221;0&#8243; z_index=&#8221;0&#8243; medium_visibility=&#8221;yes&#8221; medium_width=&#8221;0&#8243; mobile_visibility=&#8221;yes&#8221; mobile_width=&#8221;0&#8243; width=&#8221;3\/12&#8243; uncode_shortcode_id=&#8221;392231&#8243;][\/vc_column_inner][\/vc_row_inner][\/vc_column][\/vc_row][vc_row unlock_row_content=&#8221;yes&#8221; row_height_percent=&#8221;0&#8243; override_padding=&#8221;yes&#8221; h_padding=&#8221;7&#8243; top_padding=&#8221;4&#8243; bottom_padding=&#8221;6&#8243; overlay_alpha=&#8221;50&#8243; gutter_size=&#8221;3&#8243; column_width_percent=&#8221;100&#8243; shift_y=&#8221;0&#8243; z_index=&#8221;0&#8243; content_parallax=&#8221;0&#8243; uncode_shortcode_id=&#8221;143901&#8243; row_name=&#8221;intro&#8221;][vc_column column_width_percent=&#8221;100&#8243; gutter_size=&#8221;4&#8243; overlay_alpha=&#8221;50&#8243; shift_x=&#8221;0&#8243; shift_y=&#8221;0&#8243; shift_y_down=&#8221;0&#8243; z_index=&#8221;0&#8243; medium_width=&#8221;0&#8243; mobile_width=&#8221;0&#8243; width=&#8221;1\/1&#8243; uncode_shortcode_id=&#8221;689640&#8243;][vc_button size=&#8221;link&#8221; btn_link_size=&#8221;h3&#8243; custom_typo=&#8221;yes&#8221; font_family=&#8221;font-555555&#8243; font_weight=&#8221;400&#8243; link=&#8221;url:https%3A%2F%2Fofficium.com%2Fpdf%2F2024%2Fofficium-politique-selection-evaluation-intermediaires-contreparties-2023.pdf|target:_blank&#8221; uncode_shortcode_id=&#8221;197815&#8243; icon=&#8221;fa fa-download3&#8243; button_color_type=&#8221;uncode-solid&#8221; button_color_solid=&#8221;#154864&#8243;]Evaluating intermediaries (pdf)[\/vc_button][vc_button size=&#8221;link&#8221; btn_link_size=&#8221;h3&#8243; custom_typo=&#8221;yes&#8221; font_family=&#8221;font-555555&#8243; font_weight=&#8221;400&#8243; link=&#8221;url:https%3A%2F%2Fofficium.com%2Fpdf%2Fen%2FOfficium-Conflicts-of-Interest.pdf|target:_blank&#8221; uncode_shortcode_id=&#8221;368229&#8243; icon=&#8221;fa fa-download3&#8243; button_color_type=&#8221;uncode-solid&#8221; button_color_solid=&#8221;#154864&#8243;]Conflicts of Interest (pdf)[\/vc_button][vc_button size=&#8221;link&#8221; btn_link_size=&#8221;h3&#8243; custom_typo=&#8221;yes&#8221; font_family=&#8221;font-555555&#8243; font_weight=&#8221;400&#8243; link=&#8221;url:https%3A%2F%2Fofficium.com%2Fpdf%2F2024%2Fofficium-politique-gestion-reclamations-2024.pdf|target:_blank&#8221; uncode_shortcode_id=&#8221;107697&#8243; icon=&#8221;fa fa-download3&#8243; button_color_type=&#8221;uncode-solid&#8221; button_color_solid=&#8221;#154864&#8243;]Claim Management policy (pdf)[\/vc_button][vc_button size=&#8221;link&#8221; btn_link_size=&#8221;h3&#8243; custom_typo=&#8221;yes&#8221; font_family=&#8221;font-555555&#8243; font_weight=&#8221;400&#8243; link=&#8221;url:https%3A%2F%2Fofficium.com%2Fpdf%2F2024%2Fofficium-politique-esg-2023.pdf&#8221; uncode_shortcode_id=&#8221;101270&#8243; icon=&#8221;fa fa-download3&#8243; button_color_type=&#8221;uncode-solid&#8221; button_color_solid=&#8221;#154864&#8243;]ESG policy (pdf)[\/vc_button][vc_button size=&#8221;link&#8221; btn_link_size=&#8221;h3&#8243; custom_typo=&#8221;yes&#8221; font_family=&#8221;font-555555&#8243; font_weight=&#8221;400&#8243; link=&#8221;url:https%3A%2F%2Fofficium.com%2Fpdf%2F2024%2Fofficium-rapport-rts-28-transmission-ordres-gestion-sous-mandat-rto-2023.pdf&#8221; uncode_shortcode_id=&#8221;209409&#8243; icon=&#8221;fa fa-download3&#8243; button_color_type=&#8221;uncode-solid&#8221; button_color_solid=&#8221;#154864&#8243;]RTS 28 report &#8211; transmission of orders in discretionary management and RTO (pdf)[\/vc_button][vc_button size=&#8221;link&#8221; btn_link_size=&#8221;h3&#8243; custom_typo=&#8221;yes&#8221; font_family=&#8221;font-555555&#8243; font_weight=&#8221;400&#8243; link=&#8221;url:https%3A%2F%2Fofficium.com%2Fpdf%2F2024%2Fofficium-rapport-29-lec-2023-ed-2024.pdf&#8221; uncode_shortcode_id=&#8221;124785&#8243; icon=&#8221;fa fa-download3&#8243; button_color_type=&#8221;uncode-solid&#8221; button_color_solid=&#8221;#154864&#8243;]Report 29 LEC published in 2024 concerning the 2023 fiscal year ESG Investor Information (pdf)[\/vc_button][vc_button size=&#8221;link&#8221; btn_link_size=&#8221;h3&#8243; custom_typo=&#8221;yes&#8221; font_family=&#8221;font-555555&#8243; font_weight=&#8221;400&#8243; link=&#8221;url:https%3A%2F%2Fofficium.com%2Fpdf%2F2024%2Fofficium-politique-de-vote-2024.pdf|target:_blank&#8221; uncode_shortcode_id=&#8221;135838&#8243; icon=&#8221;fa fa-download3&#8243; button_color_type=&#8221;uncode-solid&#8221; button_color_solid=&#8221;#154864&#8243;]Voting policy (pdf)[\/vc_button][vc_button size=&#8221;link&#8221; btn_link_size=&#8221;h3&#8243; custom_typo=&#8221;yes&#8221; font_family=&#8221;font-555555&#8243; font_weight=&#8221;400&#8243; link=&#8221;url:https%3A%2F%2Fofficium.com%2Fpdf%2F2024%2Fofficium-politique-remuneration-2023.pdf|target:_blank&#8221; uncode_shortcode_id=&#8221;124836&#8243; icon=&#8221;fa fa-download3&#8243; button_color_type=&#8221;uncode-solid&#8221; button_color_solid=&#8221;#154864&#8243;]Remuneration policy (pdf)[\/vc_button][vc_button size=&#8221;link&#8221; btn_link_size=&#8221;h3&#8243; custom_typo=&#8221;yes&#8221; font_family=&#8221;font-555555&#8243; font_weight=&#8221;400&#8243; link=&#8221;url:https%3A%2F%2Fofficium.com%2Fpdf%2F2024%2Fofficium-confidentialite-donnees-personnelles-2024.pdf|target:_blank&#8221; uncode_shortcode_id=&#8221;567992&#8243; icon=&#8221;fa fa-download3&#8243; button_color_type=&#8221;uncode-solid&#8221; button_color_solid=&#8221;#154864&#8243;]Privacy and personal data (pdf)[\/vc_button][\/vc_column][\/vc_row]<\/p>\n<\/div>","protected":false},"excerpt":{"rendered":"<p>[vc_row unlock_row_content=&#8221;yes&#8221; row_height_percent=&#8221;50&#8243; override_padding=&#8221;yes&#8221; h_padding=&#8221;7&#8243; top_padding=&#8221;5&#8243; bottom_padding=&#8221;5&#8243; back_color=&#8221;color-469430&#8243; back_image=&#8221;154537&#8243; back_position=&#8221;center bottom&#8221; overlay_color=&#8221;color-jevc&#8221; overlay_alpha=&#8221;50&#8243; gutter_size=&#8221;3&#8243; column_width_use_pixel=&#8221;yes&#8221; shift_y=&#8221;0&#8243; z_index=&#8221;0&#8243; bottom_divider=&#8221;gradient&#8221; css_animation=&#8221;scroll-trigger&#8221; animation_state=&#8221;end&#8221; [&hellip;]<\/p>\n","protected":false},"author":1,"featured_media":0,"parent":0,"menu_order":0,"comment_status":"closed","ping_status":"closed","template":"","meta":{"footnotes":""},"class_list":["post-154837","page","type-page","status-publish","hentry"],"yoast_head":"<!-- This site is optimized with the Yoast SEO plugin v27.1.1 - https:\/\/yoast.com\/product\/yoast-seo-wordpress\/ -->\n<title>Regulatory information - Officium Asset Management<\/title>\n<meta name=\"description\" content=\"Soci\u00e9t\u00e9 ind\u00e9pendante de gestion de patrimoine \u00e0 Paris. Ing\u00e9nierie patrimoniale et gestion de fortune sur mesure pour clients priv\u00e9s et investisseurs.\" \/>\n<meta name=\"robots\" content=\"index, follow, max-snippet:-1, max-image-preview:large, max-video-preview:-1\" \/>\n<link rel=\"canonical\" href=\"https:\/\/officium.com\/en\/regulatory-information\/\" \/>\n<meta property=\"og:locale\" content=\"en_US\" \/>\n<meta property=\"og:type\" content=\"article\" \/>\n<meta property=\"og:title\" content=\"Regulatory information - Officium Asset Management\" \/>\n<meta property=\"og:description\" content=\"Soci\u00e9t\u00e9 ind\u00e9pendante de gestion de patrimoine \u00e0 Paris. Ing\u00e9nierie patrimoniale et gestion de fortune sur mesure pour clients priv\u00e9s et investisseurs.\" \/>\n<meta property=\"og:url\" content=\"https:\/\/officium.com\/en\/regulatory-information\/\" \/>\n<meta property=\"og:site_name\" content=\"Officium Asset Management\" \/>\n<meta property=\"article:modified_time\" content=\"2026-03-03T17:38:28+00:00\" \/>\n<meta name=\"twitter:card\" content=\"summary_large_image\" \/>\n<meta name=\"twitter:label1\" content=\"Est. reading time\" \/>\n\t<meta name=\"twitter:data1\" content=\"2 minutes\" \/>\n<script type=\"application\/ld+json\" class=\"yoast-schema-graph\">{\"@context\":\"https:\/\/schema.org\",\"@graph\":[{\"@type\":\"WebPage\",\"@id\":\"https:\/\/officium.com\/en\/regulatory-information\/\",\"url\":\"https:\/\/officium.com\/en\/regulatory-information\/\",\"name\":\"Regulatory information - Officium Asset Management\",\"isPartOf\":{\"@id\":\"https:\/\/officium.com\/en\/#website\"},\"datePublished\":\"2026-02-17T13:47:09+00:00\",\"dateModified\":\"2026-03-03T17:38:28+00:00\",\"description\":\"Soci\u00e9t\u00e9 ind\u00e9pendante de gestion de patrimoine \u00e0 Paris. Ing\u00e9nierie patrimoniale et gestion de fortune sur mesure pour clients priv\u00e9s et investisseurs.\",\"breadcrumb\":{\"@id\":\"https:\/\/officium.com\/en\/regulatory-information\/#breadcrumb\"},\"inLanguage\":\"en-US\",\"potentialAction\":[{\"@type\":\"ReadAction\",\"target\":[\"https:\/\/officium.com\/en\/regulatory-information\/\"]}]},{\"@type\":\"BreadcrumbList\",\"@id\":\"https:\/\/officium.com\/en\/regulatory-information\/#breadcrumb\",\"itemListElement\":[{\"@type\":\"ListItem\",\"position\":1,\"name\":\"Accueil\",\"item\":\"https:\/\/officium.com\/en\/\"},{\"@type\":\"ListItem\",\"position\":2,\"name\":\"Regulatory information\"}]},{\"@type\":\"WebSite\",\"@id\":\"https:\/\/officium.com\/en\/#website\",\"url\":\"https:\/\/officium.com\/en\/\",\"name\":\"Officium Asset Management\",\"description\":\"Soci\u00e9t\u00e9 de gestion de fortune\",\"publisher\":{\"@id\":\"https:\/\/officium.com\/en\/#organization\"},\"potentialAction\":[{\"@type\":\"SearchAction\",\"target\":{\"@type\":\"EntryPoint\",\"urlTemplate\":\"https:\/\/officium.com\/en\/?s={search_term_string}\"},\"query-input\":{\"@type\":\"PropertyValueSpecification\",\"valueRequired\":true,\"valueName\":\"search_term_string\"}}],\"inLanguage\":\"en-US\"},{\"@type\":\"Organization\",\"@id\":\"https:\/\/officium.com\/en\/#organization\",\"name\":\"Officium Asset Management\",\"url\":\"https:\/\/officium.com\/en\/\",\"logo\":{\"@type\":\"ImageObject\",\"inLanguage\":\"en-US\",\"@id\":\"https:\/\/officium.com\/en\/#\/schema\/logo\/image\/\",\"url\":\"https:\/\/officium.com\/wp-content\/uploads\/2026\/03\/officium-logo-2026-1.jpg\",\"contentUrl\":\"https:\/\/officium.com\/wp-content\/uploads\/2026\/03\/officium-logo-2026-1.jpg\",\"width\":1000,\"height\":1000,\"caption\":\"Officium Asset Management\"},\"image\":{\"@id\":\"https:\/\/officium.com\/en\/#\/schema\/logo\/image\/\"},\"sameAs\":[\"https:\/\/www.linkedin.com\/company\/officium-asset-management\/\"]}]}<\/script>\n<!-- \/ Yoast SEO plugin. -->","yoast_head_json":{"title":"Regulatory information - Officium Asset Management","description":"Soci\u00e9t\u00e9 ind\u00e9pendante de gestion de patrimoine \u00e0 Paris. Ing\u00e9nierie patrimoniale et gestion de fortune sur mesure pour clients priv\u00e9s et investisseurs.","robots":{"index":"index","follow":"follow","max-snippet":"max-snippet:-1","max-image-preview":"max-image-preview:large","max-video-preview":"max-video-preview:-1"},"canonical":"https:\/\/officium.com\/en\/regulatory-information\/","og_locale":"en_US","og_type":"article","og_title":"Regulatory information - Officium Asset Management","og_description":"Soci\u00e9t\u00e9 ind\u00e9pendante de gestion de patrimoine \u00e0 Paris. Ing\u00e9nierie patrimoniale et gestion de fortune sur mesure pour clients priv\u00e9s et investisseurs.","og_url":"https:\/\/officium.com\/en\/regulatory-information\/","og_site_name":"Officium Asset Management","article_modified_time":"2026-03-03T17:38:28+00:00","twitter_card":"summary_large_image","twitter_misc":{"Est. reading time":"2 minutes"},"schema":{"@context":"https:\/\/schema.org","@graph":[{"@type":"WebPage","@id":"https:\/\/officium.com\/en\/regulatory-information\/","url":"https:\/\/officium.com\/en\/regulatory-information\/","name":"Regulatory information - Officium Asset Management","isPartOf":{"@id":"https:\/\/officium.com\/en\/#website"},"datePublished":"2026-02-17T13:47:09+00:00","dateModified":"2026-03-03T17:38:28+00:00","description":"Soci\u00e9t\u00e9 ind\u00e9pendante de gestion de patrimoine \u00e0 Paris. Ing\u00e9nierie patrimoniale et gestion de fortune sur mesure pour clients priv\u00e9s et investisseurs.","breadcrumb":{"@id":"https:\/\/officium.com\/en\/regulatory-information\/#breadcrumb"},"inLanguage":"en-US","potentialAction":[{"@type":"ReadAction","target":["https:\/\/officium.com\/en\/regulatory-information\/"]}]},{"@type":"BreadcrumbList","@id":"https:\/\/officium.com\/en\/regulatory-information\/#breadcrumb","itemListElement":[{"@type":"ListItem","position":1,"name":"Accueil","item":"https:\/\/officium.com\/en\/"},{"@type":"ListItem","position":2,"name":"Regulatory information"}]},{"@type":"WebSite","@id":"https:\/\/officium.com\/en\/#website","url":"https:\/\/officium.com\/en\/","name":"Officium Asset Management","description":"Soci\u00e9t\u00e9 de gestion de fortune","publisher":{"@id":"https:\/\/officium.com\/en\/#organization"},"potentialAction":[{"@type":"SearchAction","target":{"@type":"EntryPoint","urlTemplate":"https:\/\/officium.com\/en\/?s={search_term_string}"},"query-input":{"@type":"PropertyValueSpecification","valueRequired":true,"valueName":"search_term_string"}}],"inLanguage":"en-US"},{"@type":"Organization","@id":"https:\/\/officium.com\/en\/#organization","name":"Officium Asset Management","url":"https:\/\/officium.com\/en\/","logo":{"@type":"ImageObject","inLanguage":"en-US","@id":"https:\/\/officium.com\/en\/#\/schema\/logo\/image\/","url":"https:\/\/officium.com\/wp-content\/uploads\/2026\/03\/officium-logo-2026-1.jpg","contentUrl":"https:\/\/officium.com\/wp-content\/uploads\/2026\/03\/officium-logo-2026-1.jpg","width":1000,"height":1000,"caption":"Officium Asset Management"},"image":{"@id":"https:\/\/officium.com\/en\/#\/schema\/logo\/image\/"},"sameAs":["https:\/\/www.linkedin.com\/company\/officium-asset-management\/"]}]}},"_links":{"self":[{"href":"https:\/\/officium.com\/en\/wp-json\/wp\/v2\/pages\/154837","targetHints":{"allow":["GET"]}}],"collection":[{"href":"https:\/\/officium.com\/en\/wp-json\/wp\/v2\/pages"}],"about":[{"href":"https:\/\/officium.com\/en\/wp-json\/wp\/v2\/types\/page"}],"author":[{"embeddable":true,"href":"https:\/\/officium.com\/en\/wp-json\/wp\/v2\/users\/1"}],"replies":[{"embeddable":true,"href":"https:\/\/officium.com\/en\/wp-json\/wp\/v2\/comments?post=154837"}],"version-history":[{"count":9,"href":"https:\/\/officium.com\/en\/wp-json\/wp\/v2\/pages\/154837\/revisions"}],"predecessor-version":[{"id":155421,"href":"https:\/\/officium.com\/en\/wp-json\/wp\/v2\/pages\/154837\/revisions\/155421"}],"wp:attachment":[{"href":"https:\/\/officium.com\/en\/wp-json\/wp\/v2\/media?parent=154837"}],"curies":[{"name":"wp","href":"https:\/\/api.w.org\/{rel}","templated":true}]}}